{"id":2616,"date":"2023-01-23T11:21:46","date_gmt":"2023-01-23T09:21:46","guid":{"rendered":"https:\/contact\/"},"modified":"2025-05-12T13:49:42","modified_gmt":"2025-05-12T10:49:42","slug":"contact","status":"publish","type":"page","link":"https:\/\/dmdbox.eu\/en\/contact\/","title":{"rendered":"Contact"},"content":{"rendered":"\t\t<div data-elementor-type=\"wp-page\" data-elementor-id=\"2616\" class=\"elementor elementor-2616 elementor-44\" data-elementor-post-type=\"page\">\n\t\t\t\t<div class=\"elementor-element elementor-element-97fedcb e-flex e-con-boxed e-con e-parent\" data-id=\"97fedcb\" data-element_type=\"container\" data-e-type=\"container\">\n\t\t\t\t\t<div class=\"e-con-inner\">\n\t\t\t\t<div class=\"elementor-element elementor-element-e88164b elementor-widget elementor-widget-image\" data-id=\"e88164b\" data-element_type=\"widget\" data-e-type=\"widget\" data-widget_type=\"image.default\">\n\t\t\t\t<div class=\"elementor-widget-container\">\n\t\t\t\t\t\t\t\t\t\t\t\t\t\t\t<img decoding=\"async\" width=\"1\" height=\"1\" src=\"https:\/\/dmdbox.eu\/wp-content\/uploads\/2023\/01\/logo-nobg.svg\" class=\"attachment-large size-large wp-image-2270\" alt=\"\" \/>\t\t\t\t\t\t\t\t\t\t\t\t\t\t\t<\/div>\n\t\t\t\t<\/div>\n\t\t\t\t<div class=\"elementor-element elementor-element-b7dc899 elementor-widget elementor-widget-heading\" data-id=\"b7dc899\" data-element_type=\"widget\" data-e-type=\"widget\" data-widget_type=\"heading.default\">\n\t\t\t\t<div class=\"elementor-widget-container\">\n\t\t\t\t\t<h1 class=\"elementor-heading-title elementor-size-default\">Susisiekite su DMDBOX \u2013 Kontaktai ir informacija<\/h1>\t\t\t\t<\/div>\n\t\t\t\t<\/div>\n\t\t\t\t\t<\/div>\n\t\t\t\t<\/div>\n\t\t<div class=\"elementor-element elementor-element-1769633 e-grid e-con-boxed e-con e-parent\" data-id=\"1769633\" data-element_type=\"container\" data-e-type=\"container\">\n\t\t\t\t\t<div class=\"e-con-inner\">\n\t\t<div class=\"elementor-element elementor-element-082d415 e-con-full e-flex e-con e-child\" data-id=\"082d415\" data-element_type=\"container\" data-e-type=\"container\">\n\t\t\t\t<div class=\"elementor-element elementor-element-ff52bdc elementor-widget elementor-widget-heading\" data-id=\"ff52bdc\" data-element_type=\"widget\" data-e-type=\"widget\" data-widget_type=\"heading.default\">\n\t\t\t\t<div class=\"elementor-widget-container\">\n\t\t\t\t\t<h2 class=\"elementor-heading-title elementor-size-default\">Susisiekite!<\/h2>\t\t\t\t<\/div>\n\t\t\t\t<\/div>\n\t\t\t\t<div class=\"elementor-element elementor-element-7b91114f elementor-widget__width-inherit elementor-widget elementor-widget-text-editor\" data-id=\"7b91114f\" data-element_type=\"widget\" data-e-type=\"widget\" data-widget_type=\"text-editor.default\">\n\t\t\t\t<div class=\"elementor-widget-container\">\n\t\t\t\t\t\t\t\t\t<p><b>UAB Skardvila<\/b><\/p><p>Adresas: Kalvarij\u0173 g. 149, LT-08221 Vilnius<br \/>\u012emon\u0117s kodas: 300997585<br \/>PVM kodas: LT100003401810<\/p><p><strong>Kontaktai:<\/strong><\/p><div><div><strong>Tel<\/strong>.: +370 612 82828<\/div><div><strong>El. pa\u0161tas: <\/strong>info@dmdbox.eu<\/div><\/div>\t\t\t\t\t\t\t\t<\/div>\n\t\t\t\t<\/div>\n\t\t\t\t<div class=\"elementor-element elementor-element-4703fd7 elementor-widget elementor-widget-text-editor\" data-id=\"4703fd7\" data-element_type=\"widget\" data-e-type=\"widget\" data-widget_type=\"text-editor.default\">\n\t\t\t\t<div class=\"elementor-widget-container\">\n\t\t\t\t\t\t\t\t\t<p>Jei kyl\u0105 technini\u0173 klausim\u0173 d\u0117l produkt\u0173, da\u017eniausiai u\u017eduoodamus klausimus galite rasti <a href=\"http:\/\/konteineriu-stogines-duk\" data-wplink-url-error=\"true\">\u010dia<\/a><\/p>\t\t\t\t\t\t\t\t<\/div>\n\t\t\t\t<\/div>\n\t\t\t\t<\/div>\n\t\t<div class=\"elementor-element elementor-element-6be5b88 e-con-full e-flex e-con e-child\" data-id=\"6be5b88\" data-element_type=\"container\" data-e-type=\"container\">\n\t\t\t\t<div class=\"elementor-element elementor-element-9aa32ed elementor-widget elementor-widget-heading\" data-id=\"9aa32ed\" data-element_type=\"widget\" data-e-type=\"widget\" data-widget_type=\"heading.default\">\n\t\t\t\t<div class=\"elementor-widget-container\">\n\t\t\t\t\t<h2 class=\"elementor-heading-title elementor-size-default\">Klauskite!<\/h2>\t\t\t\t<\/div>\n\t\t\t\t<\/div>\n\t\t\t\t<div class=\"elementor-element elementor-element-5833168 elementor-button-align-stretch elementor-widget elementor-widget-form\" data-id=\"5833168\" data-element_type=\"widget\" data-e-type=\"widget\" data-settings=\"{&quot;step_next_label&quot;:&quot;Next&quot;,&quot;step_previous_label&quot;:&quot;Previous&quot;,&quot;button_width&quot;:&quot;100&quot;,&quot;step_type&quot;:&quot;number_text&quot;,&quot;step_icon_shape&quot;:&quot;circle&quot;}\" data-widget_type=\"form.default\">\n\t\t\t\t<div class=\"elementor-widget-container\">\n\t\t\t\t\t\t\t<form class=\"elementor-form\" method=\"post\" name=\"New Form\">\n\t\t\t<input type=\"hidden\" name=\"post_id\" value=\"2616\"\/>\n\t\t\t<input type=\"hidden\" name=\"form_id\" value=\"5833168\"\/>\n\t\t\t<input type=\"hidden\" name=\"referer_title\" value=\"Contact - DMDBOX\" \/>\n\n\t\t\t\t\t\t\t<input type=\"hidden\" name=\"queried_id\" value=\"2616\"\/>\n\t\t\t\n\t\t\t<div class=\"elementor-form-fields-wrapper elementor-labels-above\">\n\t\t\t\t\t\t\t\t<div class=\"elementor-field-type-text elementor-field-group elementor-column elementor-field-group-name elementor-col-100\">\n\t\t\t\t\t\t\t\t\t\t\t\t<label for=\"form-field-name\" class=\"elementor-field-label\">\n\t\t\t\t\t\t\t\tVardas\t\t\t\t\t\t\t<\/label>\n\t\t\t\t\t\t\t\t\t\t\t\t\t\t<input size=\"1\" type=\"text\" name=\"form_fields[name]\" id=\"form-field-name\" class=\"elementor-field elementor-size-sm  elementor-field-textual\">\n\t\t\t\t\t\t\t\t\t\t\t<\/div>\n\t\t\t\t\t\t\t\t<div class=\"elementor-field-type-text elementor-field-group elementor-column elementor-field-group-email elementor-col-100 elementor-field-required\">\n\t\t\t\t\t\t\t\t\t\t\t\t<label for=\"form-field-email\" class=\"elementor-field-label\">\n\t\t\t\t\t\t\t\tTema\t\t\t\t\t\t\t<\/label>\n\t\t\t\t\t\t\t\t\t\t\t\t\t\t<input size=\"1\" type=\"text\" name=\"form_fields[email]\" id=\"form-field-email\" class=\"elementor-field elementor-size-sm  elementor-field-textual\" required=\"required\">\n\t\t\t\t\t\t\t\t\t\t\t<\/div>\n\t\t\t\t\t\t\t\t<div class=\"elementor-field-type-email elementor-field-group elementor-column elementor-field-group-message elementor-col-100\">\n\t\t\t\t\t\t\t\t\t\t\t\t<label for=\"form-field-message\" class=\"elementor-field-label\">\n\t\t\t\t\t\t\t\tEl. pa\u0161tas\t\t\t\t\t\t\t<\/label>\n\t\t\t\t\t\t\t\t\t\t\t\t\t\t<input size=\"1\" type=\"email\" name=\"form_fields[message]\" id=\"form-field-message\" class=\"elementor-field elementor-size-sm  elementor-field-textual\">\n\t\t\t\t\t\t\t\t\t\t\t<\/div>\n\t\t\t\t\t\t\t\t<div class=\"elementor-field-type-textarea elementor-field-group elementor-column elementor-field-group-field_7824178 elementor-col-100\">\n\t\t\t\t\t\t\t\t\t\t\t\t<label for=\"form-field-field_7824178\" class=\"elementor-field-label\">\n\t\t\t\t\t\t\t\t\u017dinut\u0117\t\t\t\t\t\t\t<\/label>\n\t\t\t\t\t\t<textarea class=\"elementor-field-textual elementor-field  elementor-size-sm\" name=\"form_fields[field_7824178]\" id=\"form-field-field_7824178\" rows=\"4\"><\/textarea>\t\t\t\t<\/div>\n\t\t\t\t\t\t\t\t<div class=\"elementor-field-group elementor-column elementor-field-type-submit elementor-col-100 e-form__buttons\">\n\t\t\t\t\t<button class=\"elementor-button elementor-size-sm\" type=\"submit\">\n\t\t\t\t\t\t<span class=\"elementor-button-content-wrapper\">\n\t\t\t\t\t\t\t\t\t\t\t\t\t\t\t\t\t\t\t\t\t\t<span class=\"elementor-button-text\">Si\u0173sti<\/span>\n\t\t\t\t\t\t\t\t\t\t\t\t\t<\/span>\n\t\t\t\t\t<\/button>\n\t\t\t\t<\/div>\n\t\t\t<\/div>\n\t\t<\/form>\n\t\t\t\t\t\t<\/div>\n\t\t\t\t<\/div>\n\t\t\t\t<\/div>\n\t\t\t\t\t<\/div>\n\t\t\t\t<\/div>\n\t\t<div class=\"elementor-element elementor-element-f048f1b e-flex e-con-boxed e-con e-parent\" data-id=\"f048f1b\" data-element_type=\"container\" data-e-type=\"container\">\n\t\t\t\t\t<div class=\"e-con-inner\">\n\t\t\t\t\t<\/div>\n\t\t\t\t<\/div>\n\t\t\t\t<\/div>\n\t\t","protected":false},"excerpt":{"rendered":"","protected":false},"author":2,"featured_media":0,"parent":0,"menu_order":0,"comment_status":"closed","ping_status":"closed","template":"","meta":{"footnotes":""},"class_list":["post-2616","page","type-page","status-publish","hentry"],"yoast_head":"<!-- This site is optimized with the Yoast SEO plugin v27.3 - https:\/\/yoast.com\/product\/yoast-seo-wordpress\/ -->\n<title>Contact - DMDBOX<\/title>\n<meta name=\"robots\" content=\"index, follow, max-snippet:-1, max-image-preview:large, max-video-preview:-1\" \/>\n<link rel=\"canonical\" href=\"https:\/\/dmdbox.eu\/en\/contact\/\" \/>\n<meta property=\"og:locale\" content=\"en_US\" \/>\n<meta property=\"og:type\" content=\"article\" \/>\n<meta property=\"og:title\" content=\"Contact - DMDBOX\" \/>\n<meta property=\"og:url\" content=\"https:\/\/dmdbox.eu\/en\/contact\/\" \/>\n<meta property=\"og:site_name\" content=\"DMDBOX\" \/>\n<meta property=\"article:publisher\" content=\"https:\/\/www.facebook.com\/dmdbox\/?locale=lt_LT\" \/>\n<meta property=\"article:modified_time\" content=\"2025-05-12T10:49:42+00:00\" \/>\n<meta name=\"twitter:card\" content=\"summary_large_image\" \/>\n<meta name=\"twitter:label1\" content=\"Est. reading time\" \/>\n\t<meta name=\"twitter:data1\" content=\"2 minutes\" \/>\n<script type=\"application\/ld+json\" class=\"yoast-schema-graph\">{\"@context\":\"https:\\\/\\\/schema.org\",\"@graph\":[{\"@type\":\"WebPage\",\"@id\":\"https:\\\/\\\/dmdbox.eu\\\/en\\\/contact\\\/\",\"url\":\"https:\\\/\\\/dmdbox.eu\\\/en\\\/contact\\\/\",\"name\":\"Contact - DMDBOX\",\"isPartOf\":{\"@id\":\"https:\\\/\\\/www.dmdbox.eu\\\/en\\\/#website\"},\"datePublished\":\"2023-01-23T09:21:46+00:00\",\"dateModified\":\"2025-05-12T10:49:42+00:00\",\"breadcrumb\":{\"@id\":\"https:\\\/\\\/dmdbox.eu\\\/en\\\/contact\\\/#breadcrumb\"},\"inLanguage\":\"en-US\",\"potentialAction\":[{\"@type\":\"ReadAction\",\"target\":[\"https:\\\/\\\/dmdbox.eu\\\/en\\\/contact\\\/\"]}]},{\"@type\":\"BreadcrumbList\",\"@id\":\"https:\\\/\\\/dmdbox.eu\\\/en\\\/contact\\\/#breadcrumb\",\"itemListElement\":[{\"@type\":\"ListItem\",\"position\":1,\"name\":\"Home\",\"item\":\"https:\\\/\\\/dmdbox.eu\\\/en\\\/\"},{\"@type\":\"ListItem\",\"position\":2,\"name\":\"Contact\"}]},{\"@type\":\"WebSite\",\"@id\":\"https:\\\/\\\/www.dmdbox.eu\\\/en\\\/#website\",\"url\":\"https:\\\/\\\/www.dmdbox.eu\\\/en\\\/\",\"name\":\"DMDBOX\",\"description\":\"\",\"publisher\":{\"@id\":\"https:\\\/\\\/www.dmdbox.eu\\\/en\\\/#organization\"},\"potentialAction\":[{\"@type\":\"SearchAction\",\"target\":{\"@type\":\"EntryPoint\",\"urlTemplate\":\"https:\\\/\\\/www.dmdbox.eu\\\/en\\\/?s={search_term_string}\"},\"query-input\":{\"@type\":\"PropertyValueSpecification\",\"valueRequired\":true,\"valueName\":\"search_term_string\"}}],\"inLanguage\":\"en-US\"},{\"@type\":\"Organization\",\"@id\":\"https:\\\/\\\/www.dmdbox.eu\\\/en\\\/#organization\",\"name\":\"DMDBOX\",\"url\":\"https:\\\/\\\/www.dmdbox.eu\\\/en\\\/\",\"logo\":{\"@type\":\"ImageObject\",\"inLanguage\":\"en-US\",\"@id\":\"https:\\\/\\\/www.dmdbox.eu\\\/en\\\/#\\\/schema\\\/logo\\\/image\\\/\",\"url\":\"http:\\\/\\\/dmdbox.eu\\\/wp-content\\\/uploads\\\/2023\\\/01\\\/logo-nobg.svg\",\"contentUrl\":\"http:\\\/\\\/dmdbox.eu\\\/wp-content\\\/uploads\\\/2023\\\/01\\\/logo-nobg.svg\",\"width\":1,\"height\":1,\"caption\":\"DMDBOX\"},\"image\":{\"@id\":\"https:\\\/\\\/www.dmdbox.eu\\\/en\\\/#\\\/schema\\\/logo\\\/image\\\/\"},\"sameAs\":[\"https:\\\/\\\/www.facebook.com\\\/dmdbox\\\/?locale=lt_LT\"]}]}<\/script>\n<!-- \/ Yoast SEO plugin. -->","yoast_head_json":{"title":"Contact - DMDBOX","robots":{"index":"index","follow":"follow","max-snippet":"max-snippet:-1","max-image-preview":"max-image-preview:large","max-video-preview":"max-video-preview:-1"},"canonical":"https:\/\/dmdbox.eu\/en\/contact\/","og_locale":"en_US","og_type":"article","og_title":"Contact - DMDBOX","og_url":"https:\/\/dmdbox.eu\/en\/contact\/","og_site_name":"DMDBOX","article_publisher":"https:\/\/www.facebook.com\/dmdbox\/?locale=lt_LT","article_modified_time":"2025-05-12T10:49:42+00:00","twitter_card":"summary_large_image","twitter_misc":{"Est. reading time":"2 minutes"},"schema":{"@context":"https:\/\/schema.org","@graph":[{"@type":"WebPage","@id":"https:\/\/dmdbox.eu\/en\/contact\/","url":"https:\/\/dmdbox.eu\/en\/contact\/","name":"Contact - DMDBOX","isPartOf":{"@id":"https:\/\/www.dmdbox.eu\/en\/#website"},"datePublished":"2023-01-23T09:21:46+00:00","dateModified":"2025-05-12T10:49:42+00:00","breadcrumb":{"@id":"https:\/\/dmdbox.eu\/en\/contact\/#breadcrumb"},"inLanguage":"en-US","potentialAction":[{"@type":"ReadAction","target":["https:\/\/dmdbox.eu\/en\/contact\/"]}]},{"@type":"BreadcrumbList","@id":"https:\/\/dmdbox.eu\/en\/contact\/#breadcrumb","itemListElement":[{"@type":"ListItem","position":1,"name":"Home","item":"https:\/\/dmdbox.eu\/en\/"},{"@type":"ListItem","position":2,"name":"Contact"}]},{"@type":"WebSite","@id":"https:\/\/www.dmdbox.eu\/en\/#website","url":"https:\/\/www.dmdbox.eu\/en\/","name":"DMDBOX","description":"","publisher":{"@id":"https:\/\/www.dmdbox.eu\/en\/#organization"},"potentialAction":[{"@type":"SearchAction","target":{"@type":"EntryPoint","urlTemplate":"https:\/\/www.dmdbox.eu\/en\/?s={search_term_string}"},"query-input":{"@type":"PropertyValueSpecification","valueRequired":true,"valueName":"search_term_string"}}],"inLanguage":"en-US"},{"@type":"Organization","@id":"https:\/\/www.dmdbox.eu\/en\/#organization","name":"DMDBOX","url":"https:\/\/www.dmdbox.eu\/en\/","logo":{"@type":"ImageObject","inLanguage":"en-US","@id":"https:\/\/www.dmdbox.eu\/en\/#\/schema\/logo\/image\/","url":"http:\/\/dmdbox.eu\/wp-content\/uploads\/2023\/01\/logo-nobg.svg","contentUrl":"http:\/\/dmdbox.eu\/wp-content\/uploads\/2023\/01\/logo-nobg.svg","width":1,"height":1,"caption":"DMDBOX"},"image":{"@id":"https:\/\/www.dmdbox.eu\/en\/#\/schema\/logo\/image\/"},"sameAs":["https:\/\/www.facebook.com\/dmdbox\/?locale=lt_LT"]}]}},"_links":{"self":[{"href":"https:\/\/dmdbox.eu\/en\/wp-json\/wp\/v2\/pages\/2616","targetHints":{"allow":["GET"]}}],"collection":[{"href":"https:\/\/dmdbox.eu\/en\/wp-json\/wp\/v2\/pages"}],"about":[{"href":"https:\/\/dmdbox.eu\/en\/wp-json\/wp\/v2\/types\/page"}],"author":[{"embeddable":true,"href":"https:\/\/dmdbox.eu\/en\/wp-json\/wp\/v2\/users\/2"}],"replies":[{"embeddable":true,"href":"https:\/\/dmdbox.eu\/en\/wp-json\/wp\/v2\/comments?post=2616"}],"version-history":[{"count":3,"href":"https:\/\/dmdbox.eu\/en\/wp-json\/wp\/v2\/pages\/2616\/revisions"}],"predecessor-version":[{"id":2772,"href":"https:\/\/dmdbox.eu\/en\/wp-json\/wp\/v2\/pages\/2616\/revisions\/2772"}],"wp:attachment":[{"href":"https:\/\/dmdbox.eu\/en\/wp-json\/wp\/v2\/media?parent=2616"}],"curies":[{"name":"wp","href":"https:\/\/api.w.org\/{rel}","templated":true}]}}