{"id":2684,"date":"2023-05-10T11:18:27","date_gmt":"2023-05-10T08:18:27","guid":{"rendered":"https:\/produktas\/dmdbox-240-liters\/"},"modified":"2023-05-10T11:18:27","modified_gmt":"2023-05-10T08:18:27","slug":"dmdbox-240-liters","status":"publish","type":"product","link":"https:\/\/dmdbox.eu\/en\/produktas\/dmdbox-240-liters\/","title":{"rendered":"DMDBOX 240 liters"},"content":{"rendered":"<p><strong>Technical information:<\/strong><\/p>\n<ul>\n<li>Profiles of galvanised sheet metal, 1,25 mm thick<\/li>\n<li>Plates of 0,5 mm colour galvanised sheet (Arcelor Mittal)<\/li>\n<li>Cover in 0,5 mm colour galvanised sheet (Arcelor Mittal)<\/li>\n<li>Powder-coated<\/li>\n<li>Fittings, hinges and locks galvanised<\/li>\n<li>Delivery in 4-10 working days<\/li>\n<li>Advance booking 2-5 weeks<\/li>\n<\/ul>\n<p><strong>Advantages<\/strong><\/p>\n<ul>\n<li>Modern, minimalist and aesthetically pleasing.<\/li>\n<li>Durable, robust and lightweight construction.<\/li>\n<li>Easy to assemble and expand as needed.<\/li>\n<li>Resistant to changing weather conditions.<\/li>\n<li>Low maintenance.<\/li>\n<li>Easy to wash.<\/li>\n<li>The structure has a door to slide the container in.<\/li>\n<li>Lift lid with shock absorber.<\/li>\n<li>The frame has holes for attachment to the ground.<\/li>\n<li>Ventilation openings ensure air circulation.<\/li>\n<li>All materials used in production are recycled.<\/li>\n<li>Made in the EU.<\/li>\n<\/ul>\n","protected":false},"excerpt":{"rendered":"<p>Technical information: Profiles of galvanised sheet metal, 1,25 mm thick Plates of 0,5 mm colour galvanised sheet (Arcelor Mittal) Cover in 0,5 mm colour galvanised sheet (Arcelor Mittal) Powder-coated Fittings, hinges and locks galvanised Delivery in 4-10 working days Advance booking 2-5 weeks Advantages Modern, minimalist and aesthetically pleasing. Durable, robust and lightweight construction. Easy [&hellip;]<\/p>\n","protected":false},"featured_media":2287,"comment_status":"open","ping_status":"closed","template":"","meta":[],"product_brand":[],"product_cat":[129,126],"product_tag":[],"class_list":{"0":"post-2684","1":"product","2":"type-product","3":"status-publish","4":"has-post-thumbnail","6":"product_cat-240-l-en","7":"product_cat-trash-container-shelters","9":"first","10":"instock","11":"taxable","12":"shipping-taxable","13":"purchasable","14":"product-type-variable","15":"has-default-attributes"},"yoast_head":"<!-- This site is optimized with the Yoast SEO plugin v27.3 - https:\/\/yoast.com\/product\/yoast-seo-wordpress\/ -->\n<title>DMDBOX 240 liters - DMDBOX<\/title>\n<meta name=\"robots\" content=\"index, follow, max-snippet:-1, max-image-preview:large, max-video-preview:-1\" \/>\n<link rel=\"canonical\" href=\"https:\/\/dmdbox.eu\/en\/produktas\/dmdbox-240-liters\/\" \/>\n<meta property=\"og:locale\" content=\"en_US\" \/>\n<meta property=\"og:type\" content=\"article\" \/>\n<meta property=\"og:title\" content=\"DMDBOX 240 liters - DMDBOX\" \/>\n<meta property=\"og:description\" content=\"Technical information: Profiles of galvanised sheet metal, 1,25 mm thick Plates of 0,5 mm colour galvanised sheet (Arcelor Mittal) Cover in 0,5 mm colour galvanised sheet (Arcelor Mittal) Powder-coated Fittings, hinges and locks galvanised Delivery in 4-10 working days Advance booking 2-5 weeks Advantages Modern, minimalist and aesthetically pleasing. Durable, robust and lightweight construction. Easy [&hellip;]\" \/>\n<meta property=\"og:url\" content=\"https:\/\/dmdbox.eu\/en\/produktas\/dmdbox-240-liters\/\" \/>\n<meta property=\"og:site_name\" content=\"DMDBOX\" \/>\n<meta property=\"article:publisher\" content=\"https:\/\/www.facebook.com\/dmdbox\/?locale=lt_LT\" \/>\n<meta property=\"og:image\" content=\"https:\/\/dmdbox.eu\/wp-content\/uploads\/2023\/01\/DMDBOX-240-1-1-RAl7016-S.png\" \/>\n\t<meta property=\"og:image:width\" content=\"900\" \/>\n\t<meta property=\"og:image:height\" content=\"506\" \/>\n\t<meta property=\"og:image:type\" content=\"image\/png\" \/>\n<meta name=\"twitter:card\" content=\"summary_large_image\" \/>\n<meta name=\"twitter:label1\" content=\"Est. reading time\" \/>\n\t<meta name=\"twitter:data1\" content=\"1 minute\" \/>\n<script type=\"application\/ld+json\" class=\"yoast-schema-graph\">{\"@context\":\"https:\\\/\\\/schema.org\",\"@graph\":[{\"@type\":\"WebPage\",\"@id\":\"https:\\\/\\\/dmdbox.eu\\\/en\\\/produktas\\\/dmdbox-240-liters\\\/\",\"url\":\"https:\\\/\\\/dmdbox.eu\\\/en\\\/produktas\\\/dmdbox-240-liters\\\/\",\"name\":\"DMDBOX 240 liters - DMDBOX\",\"isPartOf\":{\"@id\":\"https:\\\/\\\/www.dmdbox.eu\\\/en\\\/#website\"},\"primaryImageOfPage\":{\"@id\":\"https:\\\/\\\/dmdbox.eu\\\/en\\\/produktas\\\/dmdbox-240-liters\\\/#primaryimage\"},\"image\":{\"@id\":\"https:\\\/\\\/dmdbox.eu\\\/en\\\/produktas\\\/dmdbox-240-liters\\\/#primaryimage\"},\"thumbnailUrl\":\"https:\\\/\\\/dmdbox.eu\\\/wp-content\\\/uploads\\\/2023\\\/01\\\/DMDBOX-240-1-1-RAl7016-S.png\",\"datePublished\":\"2023-05-10T08:18:27+00:00\",\"breadcrumb\":{\"@id\":\"https:\\\/\\\/dmdbox.eu\\\/en\\\/produktas\\\/dmdbox-240-liters\\\/#breadcrumb\"},\"inLanguage\":\"en-US\",\"potentialAction\":[{\"@type\":\"ReadAction\",\"target\":[\"https:\\\/\\\/dmdbox.eu\\\/en\\\/produktas\\\/dmdbox-240-liters\\\/\"]}]},{\"@type\":\"ImageObject\",\"inLanguage\":\"en-US\",\"@id\":\"https:\\\/\\\/dmdbox.eu\\\/en\\\/produktas\\\/dmdbox-240-liters\\\/#primaryimage\",\"url\":\"https:\\\/\\\/dmdbox.eu\\\/wp-content\\\/uploads\\\/2023\\\/01\\\/DMDBOX-240-1-1-RAl7016-S.png\",\"contentUrl\":\"https:\\\/\\\/dmdbox.eu\\\/wp-content\\\/uploads\\\/2023\\\/01\\\/DMDBOX-240-1-1-RAl7016-S.png\",\"width\":900,\"height\":506,\"caption\":\"240 litr\u0173 konteinerio stogin\u0117 su pla\u010diomis \u0161onin\u0117mis plok\u0161t\u0117mis ir raktu u\u017erakinamu dang\u010diu\"},{\"@type\":\"BreadcrumbList\",\"@id\":\"https:\\\/\\\/dmdbox.eu\\\/en\\\/produktas\\\/dmdbox-240-liters\\\/#breadcrumb\",\"itemListElement\":[{\"@type\":\"ListItem\",\"position\":1,\"name\":\"Home\",\"item\":\"https:\\\/\\\/dmdbox.eu\\\/en\\\/\"},{\"@type\":\"ListItem\",\"position\":2,\"name\":\"Shop\",\"item\":\"https:\\\/\\\/dmdbox.eu\\\/en\\\/shop\\\/\"},{\"@type\":\"ListItem\",\"position\":3,\"name\":\"DMDBOX 240 liters\"}]},{\"@type\":\"WebSite\",\"@id\":\"https:\\\/\\\/www.dmdbox.eu\\\/en\\\/#website\",\"url\":\"https:\\\/\\\/www.dmdbox.eu\\\/en\\\/\",\"name\":\"DMDBOX\",\"description\":\"\",\"publisher\":{\"@id\":\"https:\\\/\\\/www.dmdbox.eu\\\/en\\\/#organization\"},\"potentialAction\":[{\"@type\":\"SearchAction\",\"target\":{\"@type\":\"EntryPoint\",\"urlTemplate\":\"https:\\\/\\\/www.dmdbox.eu\\\/en\\\/?s={search_term_string}\"},\"query-input\":{\"@type\":\"PropertyValueSpecification\",\"valueRequired\":true,\"valueName\":\"search_term_string\"}}],\"inLanguage\":\"en-US\"},{\"@type\":\"Organization\",\"@id\":\"https:\\\/\\\/www.dmdbox.eu\\\/en\\\/#organization\",\"name\":\"DMDBOX\",\"url\":\"https:\\\/\\\/www.dmdbox.eu\\\/en\\\/\",\"logo\":{\"@type\":\"ImageObject\",\"inLanguage\":\"en-US\",\"@id\":\"https:\\\/\\\/www.dmdbox.eu\\\/en\\\/#\\\/schema\\\/logo\\\/image\\\/\",\"url\":\"http:\\\/\\\/dmdbox.eu\\\/wp-content\\\/uploads\\\/2023\\\/01\\\/logo-nobg.svg\",\"contentUrl\":\"http:\\\/\\\/dmdbox.eu\\\/wp-content\\\/uploads\\\/2023\\\/01\\\/logo-nobg.svg\",\"width\":1,\"height\":1,\"caption\":\"DMDBOX\"},\"image\":{\"@id\":\"https:\\\/\\\/www.dmdbox.eu\\\/en\\\/#\\\/schema\\\/logo\\\/image\\\/\"},\"sameAs\":[\"https:\\\/\\\/www.facebook.com\\\/dmdbox\\\/?locale=lt_LT\"]}]}<\/script>\n<!-- \/ Yoast SEO plugin. -->","yoast_head_json":{"title":"DMDBOX 240 liters - DMDBOX","robots":{"index":"index","follow":"follow","max-snippet":"max-snippet:-1","max-image-preview":"max-image-preview:large","max-video-preview":"max-video-preview:-1"},"canonical":"https:\/\/dmdbox.eu\/en\/produktas\/dmdbox-240-liters\/","og_locale":"en_US","og_type":"article","og_title":"DMDBOX 240 liters - DMDBOX","og_description":"Technical information: Profiles of galvanised sheet metal, 1,25 mm thick Plates of 0,5 mm colour galvanised sheet (Arcelor Mittal) Cover in 0,5 mm colour galvanised sheet (Arcelor Mittal) Powder-coated Fittings, hinges and locks galvanised Delivery in 4-10 working days Advance booking 2-5 weeks Advantages Modern, minimalist and aesthetically pleasing. Durable, robust and lightweight construction. Easy [&hellip;]","og_url":"https:\/\/dmdbox.eu\/en\/produktas\/dmdbox-240-liters\/","og_site_name":"DMDBOX","article_publisher":"https:\/\/www.facebook.com\/dmdbox\/?locale=lt_LT","og_image":[{"width":900,"height":506,"url":"https:\/\/dmdbox.eu\/wp-content\/uploads\/2023\/01\/DMDBOX-240-1-1-RAl7016-S.png","type":"image\/png"}],"twitter_card":"summary_large_image","twitter_misc":{"Est. reading time":"1 minute"},"schema":{"@context":"https:\/\/schema.org","@graph":[{"@type":"WebPage","@id":"https:\/\/dmdbox.eu\/en\/produktas\/dmdbox-240-liters\/","url":"https:\/\/dmdbox.eu\/en\/produktas\/dmdbox-240-liters\/","name":"DMDBOX 240 liters - DMDBOX","isPartOf":{"@id":"https:\/\/www.dmdbox.eu\/en\/#website"},"primaryImageOfPage":{"@id":"https:\/\/dmdbox.eu\/en\/produktas\/dmdbox-240-liters\/#primaryimage"},"image":{"@id":"https:\/\/dmdbox.eu\/en\/produktas\/dmdbox-240-liters\/#primaryimage"},"thumbnailUrl":"https:\/\/dmdbox.eu\/wp-content\/uploads\/2023\/01\/DMDBOX-240-1-1-RAl7016-S.png","datePublished":"2023-05-10T08:18:27+00:00","breadcrumb":{"@id":"https:\/\/dmdbox.eu\/en\/produktas\/dmdbox-240-liters\/#breadcrumb"},"inLanguage":"en-US","potentialAction":[{"@type":"ReadAction","target":["https:\/\/dmdbox.eu\/en\/produktas\/dmdbox-240-liters\/"]}]},{"@type":"ImageObject","inLanguage":"en-US","@id":"https:\/\/dmdbox.eu\/en\/produktas\/dmdbox-240-liters\/#primaryimage","url":"https:\/\/dmdbox.eu\/wp-content\/uploads\/2023\/01\/DMDBOX-240-1-1-RAl7016-S.png","contentUrl":"https:\/\/dmdbox.eu\/wp-content\/uploads\/2023\/01\/DMDBOX-240-1-1-RAl7016-S.png","width":900,"height":506,"caption":"240 litr\u0173 konteinerio stogin\u0117 su pla\u010diomis \u0161onin\u0117mis plok\u0161t\u0117mis ir raktu u\u017erakinamu dang\u010diu"},{"@type":"BreadcrumbList","@id":"https:\/\/dmdbox.eu\/en\/produktas\/dmdbox-240-liters\/#breadcrumb","itemListElement":[{"@type":"ListItem","position":1,"name":"Home","item":"https:\/\/dmdbox.eu\/en\/"},{"@type":"ListItem","position":2,"name":"Shop","item":"https:\/\/dmdbox.eu\/en\/shop\/"},{"@type":"ListItem","position":3,"name":"DMDBOX 240 liters"}]},{"@type":"WebSite","@id":"https:\/\/www.dmdbox.eu\/en\/#website","url":"https:\/\/www.dmdbox.eu\/en\/","name":"DMDBOX","description":"","publisher":{"@id":"https:\/\/www.dmdbox.eu\/en\/#organization"},"potentialAction":[{"@type":"SearchAction","target":{"@type":"EntryPoint","urlTemplate":"https:\/\/www.dmdbox.eu\/en\/?s={search_term_string}"},"query-input":{"@type":"PropertyValueSpecification","valueRequired":true,"valueName":"search_term_string"}}],"inLanguage":"en-US"},{"@type":"Organization","@id":"https:\/\/www.dmdbox.eu\/en\/#organization","name":"DMDBOX","url":"https:\/\/www.dmdbox.eu\/en\/","logo":{"@type":"ImageObject","inLanguage":"en-US","@id":"https:\/\/www.dmdbox.eu\/en\/#\/schema\/logo\/image\/","url":"http:\/\/dmdbox.eu\/wp-content\/uploads\/2023\/01\/logo-nobg.svg","contentUrl":"http:\/\/dmdbox.eu\/wp-content\/uploads\/2023\/01\/logo-nobg.svg","width":1,"height":1,"caption":"DMDBOX"},"image":{"@id":"https:\/\/www.dmdbox.eu\/en\/#\/schema\/logo\/image\/"},"sameAs":["https:\/\/www.facebook.com\/dmdbox\/?locale=lt_LT"]}]}},"_links":{"self":[{"href":"https:\/\/dmdbox.eu\/en\/wp-json\/wp\/v2\/product\/2684","targetHints":{"allow":["GET"]}}],"collection":[{"href":"https:\/\/dmdbox.eu\/en\/wp-json\/wp\/v2\/product"}],"about":[{"href":"https:\/\/dmdbox.eu\/en\/wp-json\/wp\/v2\/types\/product"}],"replies":[{"embeddable":true,"href":"https:\/\/dmdbox.eu\/en\/wp-json\/wp\/v2\/comments?post=2684"}],"wp:featuredmedia":[{"embeddable":true,"href":"https:\/\/dmdbox.eu\/en\/wp-json\/wp\/v2\/media\/2287"}],"wp:attachment":[{"href":"https:\/\/dmdbox.eu\/en\/wp-json\/wp\/v2\/media?parent=2684"}],"wp:term":[{"taxonomy":"product_brand","embeddable":true,"href":"https:\/\/dmdbox.eu\/en\/wp-json\/wp\/v2\/product_brand?post=2684"},{"taxonomy":"product_cat","embeddable":true,"href":"https:\/\/dmdbox.eu\/en\/wp-json\/wp\/v2\/product_cat?post=2684"},{"taxonomy":"product_tag","embeddable":true,"href":"https:\/\/dmdbox.eu\/en\/wp-json\/wp\/v2\/product_tag?post=2684"}],"curies":[{"name":"wp","href":"https:\/\/api.w.org\/{rel}","templated":true}]}}